{"id":546,"date":"2020-09-17T12:23:03","date_gmt":"2020-09-17T16:23:03","guid":{"rendered":"https:\/\/ensino.nead.ufrr.br\/wp\/?page_id=546"},"modified":"2020-09-30T14:57:25","modified_gmt":"2020-09-30T18:57:25","slug":"atendimento-via-chat-suporte-tecnologico","status":"publish","type":"page","link":"https:\/\/ensino.nead.ufrr.br\/tutoriais\/?page_id=546","title":{"rendered":"Atendimento via chat (Suporte Tecnol\u00f3gico)"},"content":{"rendered":"\n<p>Para um atendimento mais r\u00e1pido e din\u00e2mico, <strong><em>clique na janela que aparece recolhida no canto inferior direito da sua tela<\/em><\/strong>. Digite sua d\u00favida para que o atendimento se inicie.<\/p>\n\n\n\n<figure class=\"wp-block-image size-large\"><img loading=\"lazy\" width=\"1024\" height=\"555\" src=\"https:\/\/ensino.nead.ufrr.br\/wp\/wp-content\/uploads\/2020\/09\/image-11-1024x555.png\" alt=\"\" class=\"wp-image-553\" srcset=\"https:\/\/ensino.nead.ufrr.br\/tutoriais\/wp-content\/uploads\/2020\/09\/image-11-1024x555.png 1024w, https:\/\/ensino.nead.ufrr.br\/tutoriais\/wp-content\/uploads\/2020\/09\/image-11-300x162.png 300w, https:\/\/ensino.nead.ufrr.br\/tutoriais\/wp-content\/uploads\/2020\/09\/image-11-768x416.png 768w, https:\/\/ensino.nead.ufrr.br\/tutoriais\/wp-content\/uploads\/2020\/09\/image-11-1536x832.png 1536w, https:\/\/ensino.nead.ufrr.br\/tutoriais\/wp-content\/uploads\/2020\/09\/image-11.png 1911w\" sizes=\"(max-width: 767px) 89vw, (max-width: 1000px) 54vw, (max-width: 1071px) 543px, 580px\" \/><figcaption>Tela: localiza\u00e7\u00e3o do chat <\/figcaption><\/figure>\n\n\n\n<p>O atendimento via chat funciona em hor\u00e1rio comercial, conforme disponibilidade da equipe de suporte. Caso n\u00e3o haja algu\u00e9m online, n\u00e3o deixe de enviar sua d\u00favida que eles receber\u00e3o via e-mail e responder\u00e3o o mais breve poss\u00edvel. <\/p>\n","protected":false},"excerpt":{"rendered":"<p>Para um atendimento mais r\u00e1pido e din\u00e2mico, clique na janela que aparece recolhida no canto inferior direito da sua tela. Digite sua d\u00favida para que o atendimento se inicie. O atendimento via chat funciona em hor\u00e1rio comercial, conforme disponibilidade da equipe de suporte. Caso n\u00e3o haja algu\u00e9m online, n\u00e3o deixe de enviar sua d\u00favida que &hellip; <\/p>\n<p class=\"link-more\"><a href=\"https:\/\/ensino.nead.ufrr.br\/tutoriais\/?page_id=546\" class=\"more-link\">Continue lendo<span class=\"screen-reader-text\"> &#8220;Atendimento via chat (Suporte Tecnol\u00f3gico)&#8221;<\/span><\/a><\/p>\n","protected":false},"author":1,"featured_media":0,"parent":0,"menu_order":0,"comment_status":"closed","ping_status":"closed","template":"","meta":[],"_links":{"self":[{"href":"https:\/\/ensino.nead.ufrr.br\/tutoriais\/index.php?rest_route=\/wp\/v2\/pages\/546"}],"collection":[{"href":"https:\/\/ensino.nead.ufrr.br\/tutoriais\/index.php?rest_route=\/wp\/v2\/pages"}],"about":[{"href":"https:\/\/ensino.nead.ufrr.br\/tutoriais\/index.php?rest_route=\/wp\/v2\/types\/page"}],"author":[{"embeddable":true,"href":"https:\/\/ensino.nead.ufrr.br\/tutoriais\/index.php?rest_route=\/wp\/v2\/users\/1"}],"replies":[{"embeddable":true,"href":"https:\/\/ensino.nead.ufrr.br\/tutoriais\/index.php?rest_route=%2Fwp%2Fv2%2Fcomments&post=546"}],"version-history":[{"count":9,"href":"https:\/\/ensino.nead.ufrr.br\/tutoriais\/index.php?rest_route=\/wp\/v2\/pages\/546\/revisions"}],"predecessor-version":[{"id":564,"href":"https:\/\/ensino.nead.ufrr.br\/tutoriais\/index.php?rest_route=\/wp\/v2\/pages\/546\/revisions\/564"}],"wp:attachment":[{"href":"https:\/\/ensino.nead.ufrr.br\/tutoriais\/index.php?rest_route=%2Fwp%2Fv2%2Fmedia&parent=546"}],"curies":[{"name":"wp","href":"https:\/\/api.w.org\/{rel}","templated":true}]}}