{"id":480,"date":"2020-09-09T18:11:15","date_gmt":"2020-09-09T22:11:15","guid":{"rendered":"https:\/\/ensino.nead.ufrr.br\/wp\/?page_id=480"},"modified":"2020-09-09T18:11:15","modified_gmt":"2020-09-09T22:11:15","slug":"como-criar-uma-conta-no-ava-nead-alunos-e-professores-do-presencial","status":"publish","type":"page","link":"https:\/\/ensino.nead.ufrr.br\/tutoriais\/?page_id=480","title":{"rendered":"Como criar uma conta no AVA\/NEaD (Alunos e Professores do Presencial)"},"content":{"rendered":"\n<p>Se \u00e9 o seu primeiro contato com a plataforma, \u00e9 prov\u00e1vel que voc\u00ea ainda n\u00e3o tenha cadastro. Para realizar o seu cadastro, siga os seguintes passos:<\/p>\n\n\n\n<p><strong>1 &#8211;<\/strong> Em um navegador de internet de sua prefer\u00eancia, acesse o endere\u00e7o da plataforma. Digite <a rel=\"noreferrer noopener\" href=\"https:\/\/ensino.nead.ufrr.br\/ava\" target=\"_blank\">https:\/\/ensino.nead.ufrr.br\/ava<\/a> e d\u00ea Enter. <\/p>\n\n\n\n<figure class=\"wp-block-image size-large\"><img loading=\"lazy\" width=\"1024\" height=\"244\" src=\"https:\/\/ensino.nead.ufrr.br\/wp\/wp-content\/uploads\/2020\/09\/image-1024x244.png\" alt=\"\" class=\"wp-image-481\" srcset=\"https:\/\/ensino.nead.ufrr.br\/tutoriais\/wp-content\/uploads\/2020\/09\/image-1024x244.png 1024w, https:\/\/ensino.nead.ufrr.br\/tutoriais\/wp-content\/uploads\/2020\/09\/image-300x71.png 300w, https:\/\/ensino.nead.ufrr.br\/tutoriais\/wp-content\/uploads\/2020\/09\/image-768x183.png 768w, https:\/\/ensino.nead.ufrr.br\/tutoriais\/wp-content\/uploads\/2020\/09\/image-1536x366.png 1536w, https:\/\/ensino.nead.ufrr.br\/tutoriais\/wp-content\/uploads\/2020\/09\/image.png 1890w\" sizes=\"(max-width: 767px) 89vw, (max-width: 1000px) 54vw, (max-width: 1071px) 543px, 580px\" \/><figcaption>Tela: usu\u00e1rio digitou <a rel=\"noreferrer noopener\" href=\"https:\/\/ensino.nead.ufrr.br\/ava\" target=\"_blank\">https:ensino.nead.ufrr.br\/ava<\/a> no navegador de internet e ir\u00e1 pressionar a tecla Enter do teclado .<\/figcaption><\/figure>\n\n\n\n<p><strong>2 &#8211;<\/strong> Ir\u00e1 aparecer a tela inicial do AVA\/NEaD. Localize &#8220;Voc\u00ea ainda n\u00e3o se identificou. (<a href=\"https:\/\/ensino.nead.ufrr.br\/ava\/login\/index.php\">Acessar<\/a>)&#8221; no canto superior direito. Clique em Acessar. <\/p>\n\n\n\n<figure class=\"wp-block-image size-large\"><img loading=\"lazy\" width=\"1024\" height=\"283\" src=\"https:\/\/ensino.nead.ufrr.br\/wp\/wp-content\/uploads\/2020\/09\/image-1-1024x283.png\" alt=\"\" class=\"wp-image-482\" srcset=\"https:\/\/ensino.nead.ufrr.br\/tutoriais\/wp-content\/uploads\/2020\/09\/image-1-1024x283.png 1024w, https:\/\/ensino.nead.ufrr.br\/tutoriais\/wp-content\/uploads\/2020\/09\/image-1-300x83.png 300w, https:\/\/ensino.nead.ufrr.br\/tutoriais\/wp-content\/uploads\/2020\/09\/image-1-768x213.png 768w, https:\/\/ensino.nead.ufrr.br\/tutoriais\/wp-content\/uploads\/2020\/09\/image-1-1536x425.png 1536w, https:\/\/ensino.nead.ufrr.br\/tutoriais\/wp-content\/uploads\/2020\/09\/image-1.png 1900w\" sizes=\"(max-width: 767px) 89vw, (max-width: 1000px) 54vw, (max-width: 1071px) 543px, 580px\" \/><figcaption>Tela: op\u00e7\u00e3o Acessar no lado superior direito. <\/figcaption><\/figure>\n\n\n\n<p><strong>3 &#8211;<\/strong> Na tela seguinte, clique em Criar uma conta.<\/p>\n\n\n\n<figure class=\"wp-block-image size-large\"><img loading=\"lazy\" width=\"1024\" height=\"430\" src=\"https:\/\/ensino.nead.ufrr.br\/wp\/wp-content\/uploads\/2020\/09\/image-2-1024x430.png\" alt=\"\" class=\"wp-image-483\" srcset=\"https:\/\/ensino.nead.ufrr.br\/tutoriais\/wp-content\/uploads\/2020\/09\/image-2-1024x430.png 1024w, https:\/\/ensino.nead.ufrr.br\/tutoriais\/wp-content\/uploads\/2020\/09\/image-2-300x126.png 300w, https:\/\/ensino.nead.ufrr.br\/tutoriais\/wp-content\/uploads\/2020\/09\/image-2-768x323.png 768w, https:\/\/ensino.nead.ufrr.br\/tutoriais\/wp-content\/uploads\/2020\/09\/image-2-1536x645.png 1536w, https:\/\/ensino.nead.ufrr.br\/tutoriais\/wp-content\/uploads\/2020\/09\/image-2.png 1880w\" sizes=\"(max-width: 767px) 89vw, (max-width: 1000px) 54vw, (max-width: 1071px) 543px, 580px\" \/><figcaption>Tela: op\u00e7\u00e3o Criar uma conta<\/figcaption><\/figure>\n\n\n\n<p><strong>4 &#8211;<\/strong> Preenche os campos com as informa\u00e7\u00f5es solicitadas. <\/p>\n\n\n\n<p><\/p>\n\n\n\n<figure class=\"wp-block-image size-large\"><img loading=\"lazy\" width=\"1024\" height=\"483\" src=\"https:\/\/ensino.nead.ufrr.br\/wp\/wp-content\/uploads\/2020\/09\/image-3-1024x483.png\" alt=\"\" class=\"wp-image-484\" srcset=\"https:\/\/ensino.nead.ufrr.br\/tutoriais\/wp-content\/uploads\/2020\/09\/image-3-1024x483.png 1024w, https:\/\/ensino.nead.ufrr.br\/tutoriais\/wp-content\/uploads\/2020\/09\/image-3-300x142.png 300w, https:\/\/ensino.nead.ufrr.br\/tutoriais\/wp-content\/uploads\/2020\/09\/image-3-768x363.png 768w, https:\/\/ensino.nead.ufrr.br\/tutoriais\/wp-content\/uploads\/2020\/09\/image-3-1536x725.png 1536w, https:\/\/ensino.nead.ufrr.br\/tutoriais\/wp-content\/uploads\/2020\/09\/image-3.png 1885w\" sizes=\"(max-width: 767px) 89vw, (max-width: 1000px) 54vw, (max-width: 1071px) 543px, 580px\" \/><figcaption>Tela: in\u00edcio do formul\u00e1rio de cria\u00e7\u00e3o de conta<\/figcaption><\/figure>\n\n\n\n<p>Em <strong>identifica\u00e7\u00e3o de usu\u00e1rio<\/strong>, como sugest\u00e3o nossa (@nead), voc\u00ea pode digitar seu <em>SIAPE se voc\u00ea for professor<\/em> ou sua <em>Matr\u00edcula se voc\u00ea for aluno<\/em>.  Caso voc\u00ea seja externo a UFRR (ex: professor convidado, aluno de curso de extens\u00e3o, etc.) voc\u00ea pode digitar o seu CPF (sem pontos ou tra\u00e7os).<\/p>\n\n\n\n<p>Em <strong>Senha<\/strong> escolha um senha.  <\/p>\n\n\n\n<p>Em <strong>Endere\u00e7o de e-mail<\/strong> forne\u00e7a um e-mail v\u00e1lido, que voc\u00ea possua acesso, pois o link de ativa\u00e7\u00e3o da sua conta na plataforma ser\u00e1 enviado para ele. <\/p>\n\n\n\n<p>Continue com o preenchimento do restante do formul\u00e1rio at\u00e9 chegar a parte final.  <\/p>\n\n\n\n<figure class=\"wp-block-image size-large\"><img loading=\"lazy\" width=\"1024\" height=\"365\" src=\"https:\/\/ensino.nead.ufrr.br\/wp\/wp-content\/uploads\/2020\/09\/image-4-1024x365.png\" alt=\"\" class=\"wp-image-485\" srcset=\"https:\/\/ensino.nead.ufrr.br\/tutoriais\/wp-content\/uploads\/2020\/09\/image-4-1024x365.png 1024w, https:\/\/ensino.nead.ufrr.br\/tutoriais\/wp-content\/uploads\/2020\/09\/image-4-300x107.png 300w, https:\/\/ensino.nead.ufrr.br\/tutoriais\/wp-content\/uploads\/2020\/09\/image-4-768x274.png 768w, https:\/\/ensino.nead.ufrr.br\/tutoriais\/wp-content\/uploads\/2020\/09\/image-4-1536x547.png 1536w, https:\/\/ensino.nead.ufrr.br\/tutoriais\/wp-content\/uploads\/2020\/09\/image-4.png 1883w\" sizes=\"(max-width: 767px) 89vw, (max-width: 1000px) 54vw, (max-width: 1071px) 543px, 580px\" \/><figcaption>Tela: parte final do formul\u00e1rio de cria\u00e7\u00e3o de conta<\/figcaption><\/figure>\n\n\n\n<p>Na parte final do formul\u00e1rio, marque a caixinha onde voc\u00ea declara que as informa\u00e7\u00f5es prestadas s\u00e3o verdadeiras, valide o capcha e informe, marcando a caixinha, se voc\u00ea concorda com a pol\u00edtica do site (\u00e9 necess\u00e1rio concordar para poder criar sua conta). Depois clique em <strong>Criar uma conta<\/strong>.<\/p>\n\n\n\n<p><strong>5 &#8211;<\/strong> Ative sua conta<\/p>\n\n\n\n<p>Se tiver corrido tudo bem com o preenchimento do formul\u00e1rio, voc\u00ea receber\u00e1 em seu e-mail (olhe na caixa de entrada, se n\u00e3o encontrar, olhe tamb\u00e9m na caixa de spam e\/ou lixeira) um link de ativa\u00e7\u00e3o da sua conta. Clique no link e seu cadastro e voc\u00ea ser\u00e1 direcionado de volta para o AVA\/NEaD. Pronto,  seu cadastro estar\u00e1 finalizado.<\/p>\n\n\n\n<p><\/p>\n\n\n\n<p><strong>O que fazer depois de ter ativado minha conta?<\/strong><\/p>\n\n\n\n<p><a href=\"https:\/\/ensino.nead.ufrr.br\/wp\/?page_id=176\" target=\"_blank\" rel=\"noreferrer noopener\">Voc\u00ea pode come\u00e7ar conhecendo o Painel do AVA\/NEaD (clique aqui)!<\/a><\/p>\n\n\n\n<p>Ou <\/p>\n\n\n\n<p><a href=\"https:\/\/ensino.nead.ufrr.br\/wp\/?page_id=270\">Professor &#8211; Como solicitar salas virtuais (clique aqui)<\/a><\/p>\n\n\n\n<p>&#8212;<\/p>\n\n\n\n<p><strong>Em caso de d\u00favidas, entre em contato conosco:<\/strong><\/p>\n\n\n\n<div class=\"wp-block-group\"><div class=\"wp-block-group__inner-container\">\n<p>Coordena\u00e7\u00e3o Tecnol\u00f3gica do NEaD\/UFRR<\/p>\n\n\n\n<p>E-mail: suporte.nead@ufrr.br<\/p>\n<\/div><\/div>\n\n\n\n<p><\/p>\n","protected":false},"excerpt":{"rendered":"<p>Se \u00e9 o seu primeiro contato com a plataforma, \u00e9 prov\u00e1vel que voc\u00ea ainda n\u00e3o tenha cadastro. Para realizar o seu cadastro, siga os seguintes passos: 1 &#8211; Em um navegador de internet de sua prefer\u00eancia, acesse o endere\u00e7o da plataforma. Digite https:\/\/ensino.nead.ufrr.br\/ava e d\u00ea Enter. 2 &#8211; Ir\u00e1 aparecer a tela inicial do AVA\/NEaD. &hellip; <\/p>\n<p class=\"link-more\"><a href=\"https:\/\/ensino.nead.ufrr.br\/tutoriais\/?page_id=480\" class=\"more-link\">Continue lendo<span class=\"screen-reader-text\"> &#8220;Como criar uma conta no AVA\/NEaD (Alunos e Professores do Presencial)&#8221;<\/span><\/a><\/p>\n","protected":false},"author":1,"featured_media":0,"parent":0,"menu_order":0,"comment_status":"closed","ping_status":"closed","template":"","meta":[],"_links":{"self":[{"href":"https:\/\/ensino.nead.ufrr.br\/tutoriais\/index.php?rest_route=\/wp\/v2\/pages\/480"}],"collection":[{"href":"https:\/\/ensino.nead.ufrr.br\/tutoriais\/index.php?rest_route=\/wp\/v2\/pages"}],"about":[{"href":"https:\/\/ensino.nead.ufrr.br\/tutoriais\/index.php?rest_route=\/wp\/v2\/types\/page"}],"author":[{"embeddable":true,"href":"https:\/\/ensino.nead.ufrr.br\/tutoriais\/index.php?rest_route=\/wp\/v2\/users\/1"}],"replies":[{"embeddable":true,"href":"https:\/\/ensino.nead.ufrr.br\/tutoriais\/index.php?rest_route=%2Fwp%2Fv2%2Fcomments&post=480"}],"version-history":[{"count":25,"href":"https:\/\/ensino.nead.ufrr.br\/tutoriais\/index.php?rest_route=\/wp\/v2\/pages\/480\/revisions"}],"predecessor-version":[{"id":527,"href":"https:\/\/ensino.nead.ufrr.br\/tutoriais\/index.php?rest_route=\/wp\/v2\/pages\/480\/revisions\/527"}],"wp:attachment":[{"href":"https:\/\/ensino.nead.ufrr.br\/tutoriais\/index.php?rest_route=%2Fwp%2Fv2%2Fmedia&parent=480"}],"curies":[{"name":"wp","href":"https:\/\/api.w.org\/{rel}","templated":true}]}}