{"id":395,"date":"2020-07-23T18:24:55","date_gmt":"2020-07-23T22:24:55","guid":{"rendered":"https:\/\/ensino.nead.ufrr.br\/wp\/?page_id=395"},"modified":"2020-07-24T16:32:12","modified_gmt":"2020-07-24T20:32:12","slug":"erro-quando-clico-em-professor-solicitar-sala-virtual-no-ava-nead","status":"publish","type":"page","link":"https:\/\/ensino.nead.ufrr.br\/tutoriais\/?page_id=395","title":{"rendered":"Erro quando clico em Professor &#8211; Solicitar sala virtual no AVA\/NEaD"},"content":{"rendered":"\n<figure class=\"wp-block-image\"><img src=\"https:\/\/ensino.nead.ufrr.br\/wp\/wp-content\/uploads\/2020\/07\/image-27-1024x109.png\" alt=\"O atributo alt desta imagem est\u00e1 vazio. O nome do arquivo \u00e9 image-27-1024x109.png\"\/><figcaption>Painel do AVA\/NEaD: Solicitar sala virtual<\/figcaption><\/figure>\n\n\n\n<p>Se voc\u00ea j\u00e1 est\u00e1 clicando na op\u00e7\u00e3o &#8220;<strong>Professor &#8211; Solicitar sala virtual<\/strong>&#8221; e tudo que consegue ver \u00e9 a seguinte mensagem &#8220;Desculpe, mas atualmente voc\u00ea n\u00e3o tem permiss\u00e3o para Solicitar novos cursos&#8221; poder ser que voc\u00ea <em>n\u00e3o tenha permiss\u00f5es para acessar esta op\u00e7\u00e3o<\/em> xD  <\/p>\n\n\n\n<figure class=\"wp-block-image size-large\"><img loading=\"lazy\" width=\"1024\" height=\"345\" src=\"https:\/\/ensino.nead.ufrr.br\/wp\/wp-content\/uploads\/2020\/07\/image-28-1024x345.png\" alt=\"\" class=\"wp-image-396\" srcset=\"https:\/\/ensino.nead.ufrr.br\/tutoriais\/wp-content\/uploads\/2020\/07\/image-28-1024x345.png 1024w, https:\/\/ensino.nead.ufrr.br\/tutoriais\/wp-content\/uploads\/2020\/07\/image-28-300x101.png 300w, https:\/\/ensino.nead.ufrr.br\/tutoriais\/wp-content\/uploads\/2020\/07\/image-28-768x258.png 768w, https:\/\/ensino.nead.ufrr.br\/tutoriais\/wp-content\/uploads\/2020\/07\/image-28-1536x517.png 1536w, https:\/\/ensino.nead.ufrr.br\/tutoriais\/wp-content\/uploads\/2020\/07\/image-28.png 1872w\" sizes=\"(max-width: 767px) 89vw, (max-width: 1000px) 54vw, (max-width: 1071px) 543px, 580px\" \/><figcaption>Tela de erro: Desculpe, mas atualmente voc\u00ea n\u00e3o tem permiss\u00e3o para Solicitar novos cursos<\/figcaption><\/figure>\n\n\n\n<p> <\/p>\n\n\n\n<p>Brincadeiras a parte, isso tem a ver com a maneira de como pap\u00e9is funcionam no Moodle. Os pap\u00e9is (ou perfis de usu\u00e1rios) como administrador, professor ou aluno, s\u00e3o geralmente definidos em n\u00edveis &#8211;  podendo ser de sistema (globais), n\u00edveis de categoria (categorias de um curso) e dentro das salas virtuais (a sala virtual em si). Administradores  tem acesso global ao sistema, professores e alunos podem ter acesso na categoria ou somente dentro de uma sala virtual. Ent\u00e3o, indo direto ao ponto, professores e alunos s\u00e3o tratados como iguais fora de uma sala virtual do AVA\/NEaD, assim como acontece fora da sala de aula presencial. Imagine que existam \u00e1reas de conviv\u00eancia comum (sem pap\u00e9is atribu\u00eddos).<\/p>\n\n\n\n<p>Ent\u00e3o quando voc\u00ea est\u00e1 no seu Painel dentro do AVA\/NEaD e clica no \u00edcone da op\u00e7\u00e3o <strong>&#8220;Professor &#8211; Solicitar sala virtual&#8221;<\/strong>, apesar de ser uma \u00e1rea pessoal sua, o AVA\/NEaD n\u00e3o sabe se quem est\u00e1 clicando \u00e9 um professor ou um aluno (afinal, fora da sala somos todos iguais n\u00e3o \u00e9!?).<\/p>\n\n\n\n<p>Mas \u00e9 claro que se voc\u00ea \u00e9 <strong>professor da UFRR<\/strong> e quer poder solicitar sala virtual, n\u00e3o deixe de entrar em contato conosco. Informe seu <strong>nome completo<\/strong>, <strong>SIAPE<\/strong> e <strong>departamento<\/strong> em um e-mail para <strong>suporte.nead@ufrr.br<\/strong> que estaremos &#8220;avisando&#8221;  o AVA\/NEaD que voc\u00ea \u00e9 professor e quer solicitar salas virtuais  &#8211; <em>n\u00e3o, voc\u00ea n\u00e3o vai pedir sala virtual por e-mail, s\u00f3 vai nos avisar que j\u00e1 est\u00e1 cadastrado no AVA\/NEaD e precisa solicitar salas virtuais usando o bot\u00e3o <strong>&#8220;Professor &#8211; Solicitar sala virtual&#8221;<\/strong><\/em> ; ) . <\/p>\n\n\n\n<p>Qualquer d\u00favidas, nos envie um e-mail:  suporte.nead@ufrr.br<\/p>\n\n\n\n<p>CT\/NEaD\/UFRR<\/p>\n\n\n\n<p><\/p>\n","protected":false},"excerpt":{"rendered":"<p>Se voc\u00ea j\u00e1 est\u00e1 clicando na op\u00e7\u00e3o &#8220;Professor &#8211; Solicitar sala virtual&#8221; e tudo que consegue ver \u00e9 a seguinte mensagem &#8220;Desculpe, mas atualmente voc\u00ea n\u00e3o tem permiss\u00e3o para Solicitar novos cursos&#8221; poder ser que voc\u00ea n\u00e3o tenha permiss\u00f5es para acessar esta op\u00e7\u00e3o xD Brincadeiras a parte, isso tem a ver com a maneira de &hellip; <\/p>\n<p class=\"link-more\"><a href=\"https:\/\/ensino.nead.ufrr.br\/tutoriais\/?page_id=395\" class=\"more-link\">Continue lendo<span class=\"screen-reader-text\"> &#8220;Erro quando clico em Professor &#8211; Solicitar sala virtual no AVA\/NEaD&#8221;<\/span><\/a><\/p>\n","protected":false},"author":1,"featured_media":0,"parent":0,"menu_order":0,"comment_status":"closed","ping_status":"closed","template":"","meta":[],"_links":{"self":[{"href":"https:\/\/ensino.nead.ufrr.br\/tutoriais\/index.php?rest_route=\/wp\/v2\/pages\/395"}],"collection":[{"href":"https:\/\/ensino.nead.ufrr.br\/tutoriais\/index.php?rest_route=\/wp\/v2\/pages"}],"about":[{"href":"https:\/\/ensino.nead.ufrr.br\/tutoriais\/index.php?rest_route=\/wp\/v2\/types\/page"}],"author":[{"embeddable":true,"href":"https:\/\/ensino.nead.ufrr.br\/tutoriais\/index.php?rest_route=\/wp\/v2\/users\/1"}],"replies":[{"embeddable":true,"href":"https:\/\/ensino.nead.ufrr.br\/tutoriais\/index.php?rest_route=%2Fwp%2Fv2%2Fcomments&post=395"}],"version-history":[{"count":16,"href":"https:\/\/ensino.nead.ufrr.br\/tutoriais\/index.php?rest_route=\/wp\/v2\/pages\/395\/revisions"}],"predecessor-version":[{"id":421,"href":"https:\/\/ensino.nead.ufrr.br\/tutoriais\/index.php?rest_route=\/wp\/v2\/pages\/395\/revisions\/421"}],"wp:attachment":[{"href":"https:\/\/ensino.nead.ufrr.br\/tutoriais\/index.php?rest_route=%2Fwp%2Fv2%2Fmedia&parent=395"}],"curies":[{"name":"wp","href":"https:\/\/api.w.org\/{rel}","templated":true}]}}