{"id":357,"date":"2020-07-23T10:39:25","date_gmt":"2020-07-23T14:39:25","guid":{"rendered":"https:\/\/ensino.nead.ufrr.br\/wp\/?page_id=357"},"modified":"2020-09-10T11:33:23","modified_gmt":"2020-09-10T15:33:23","slug":"como-encontrar-a-chave-de-acesso-da-sala-virtual-no-ava-nead","status":"publish","type":"page","link":"https:\/\/ensino.nead.ufrr.br\/tutoriais\/?page_id=357","title":{"rendered":"Como encontrar o link e a chave de acesso da minha sala virtual no AVA\/NEaD"},"content":{"rendered":"\n<p>Professor(a),<\/p>\n\n\n\n<p>Para que os alunos possam acessar a sala virtual da sua disciplina (ou curso), voc\u00ea deve fornecer o link da sala virtual a eles. Mas fornecer apenas o link da sala n\u00e3o \u00e9 suficiente. Junto ao link, voc\u00ea precisa enviar a chave de <strong>acesso da sua sala<\/strong>. Nesse tutorial lhe ensinaremos onde voc\u00ea pode encontrar ambas.<\/p>\n\n\n\n<p><strong>N\u00e3o sei ou n\u00e3o lembro o link da minha sala virtual<\/strong><\/p>\n\n\n\n<p>O link \u00e9 a URL (endere\u00e7o) que aparece em seu navegador de internet quando voc\u00ea entra em sua sala virtual. \u00c9 o mesmo link que voc\u00ea recebe ap\u00f3s ter sua solicita\u00e7\u00e3o de sala virtual atendida. \u00c9 algo semelhante a <em>https:\/\/ensino.nead.ufrr.br\/ava\/course\/view.php?id=<strong>8<\/strong><\/em> onde o que vai variar \u00e9 a parte final do n\u00famero (cada sala possui um n\u00famero); <\/p>\n\n\n\n<p><strong>Para compartilhar com os seus alunos, <\/strong> copie o endere\u00e7o todo (n\u00e3o apenas o n\u00famero) na parte superior do seu navegador; lembre-se que \u00e9 o primeiro link que \u00e9 exibido no navegador quando voc\u00ea acessa sua sala.<\/p>\n\n\n\n<figure class=\"wp-block-image size-large\"><img loading=\"lazy\" width=\"1024\" height=\"427\" src=\"https:\/\/ensino.nead.ufrr.br\/wp\/wp-content\/uploads\/2020\/07\/image-26-1024x427.png\" alt=\"\" class=\"wp-image-365\" srcset=\"https:\/\/ensino.nead.ufrr.br\/tutoriais\/wp-content\/uploads\/2020\/07\/image-26-1024x427.png 1024w, https:\/\/ensino.nead.ufrr.br\/tutoriais\/wp-content\/uploads\/2020\/07\/image-26-300x125.png 300w, https:\/\/ensino.nead.ufrr.br\/tutoriais\/wp-content\/uploads\/2020\/07\/image-26-768x320.png 768w, https:\/\/ensino.nead.ufrr.br\/tutoriais\/wp-content\/uploads\/2020\/07\/image-26-1536x641.png 1536w, https:\/\/ensino.nead.ufrr.br\/tutoriais\/wp-content\/uploads\/2020\/07\/image-26.png 1892w\" sizes=\"(max-width: 767px) 89vw, (max-width: 1000px) 54vw, (max-width: 1071px) 543px, 580px\" \/><figcaption>Navegador Chrome: endere\u00e7o URL (link) da sala virtual<\/figcaption><\/figure>\n\n\n\n<p><strong>O que \u00e9 a chave de acesso?<\/strong><\/p>\n\n\n\n<p>\u00c9 um c\u00f3digo alfanum\u00e9rico existente em toda sala virtual do AVA\/NEaD. Ela permite a todos que a possuem &#8220;entrar&#8221; em sua sala. Com ela, seus alunos podem acessar e cursar sua disciplina (ou curso). <\/p>\n\n\n\n<p><strong>\u00c9 o NEaD\/UFRR que envia essa chave aos alunos?<\/strong><\/p>\n\n\n\n<p>A sala virtual \u00e9 sempre de responsabilidade do professor que a solicitou. Ele (o professor) \u00e9 quem compartilha a chave com quem est\u00e1 matriculado em sua disciplina (ou curso). O meio que o professor escolher\u00e1 para compartilhar a chave \u00e9 de sua livre escolha, mas deve levar em considera\u00e7\u00e3o algumas observa\u00e7\u00f5es:<\/p>\n\n\n\n<p><strong>Obs. 1:<\/strong> A chave de acesso deve ter enviando apenas aos alunos devidamente matriculados na disciplina conforme informa\u00e7\u00f5es contidas no SIGAA; <\/p>\n\n\n\n<p><strong>Obs. 2<\/strong>: Se o seu curso \u00e9 de extens\u00e3o, envie a chave de acesso apenas a quem foi selecionado para participar do curso de extens\u00e3o e <strong><span class=\"has-inline-color has-vivid-red-color\">n\u00e3o use a plataforma para selecionar os participantes<\/span><\/strong>. Realize a sele\u00e7\u00e3o antes e, ent\u00e3o, de posse da lista dos selecionados, envie a cada um a chave de acesso. <\/p>\n\n\n\n<p><strong>Obs. 3:<\/strong> N\u00e3o divulgue publicamente a chave de acesso. N\u00e3o poste a chave em sites, blogs, redes sociais ou qualquer outro meio eletr\u00f4nico. Informe apenas a quem deva ter acesso a sala virtual.<\/p>\n\n\n\n<p><strong>Como posso localizar a chave da minha sala?<\/strong><\/p>\n\n\n\n<p>Siga os seguintes passos (voc\u00ea tem que estar com o perfil de professor):<\/p>\n\n\n\n<p><strong>1\u00b0 Passo:<\/strong> dentro da sua sala virtual, clique em <strong>Gerenciamento do curso<\/strong> (\u00edcone de tr\u00eas engrenagens na barra superior)<\/p>\n\n\n\n<figure class=\"wp-block-image size-large\"><img loading=\"lazy\" width=\"1024\" height=\"480\" src=\"https:\/\/ensino.nead.ufrr.br\/wp\/wp-content\/uploads\/2020\/07\/image-20-1024x480.png\" alt=\"\" class=\"wp-image-358\" srcset=\"https:\/\/ensino.nead.ufrr.br\/tutoriais\/wp-content\/uploads\/2020\/07\/image-20-1024x480.png 1024w, https:\/\/ensino.nead.ufrr.br\/tutoriais\/wp-content\/uploads\/2020\/07\/image-20-300x140.png 300w, https:\/\/ensino.nead.ufrr.br\/tutoriais\/wp-content\/uploads\/2020\/07\/image-20-768x360.png 768w, https:\/\/ensino.nead.ufrr.br\/tutoriais\/wp-content\/uploads\/2020\/07\/image-20-1536x719.png 1536w, https:\/\/ensino.nead.ufrr.br\/tutoriais\/wp-content\/uploads\/2020\/07\/image-20.png 1907w\" sizes=\"(max-width: 767px) 89vw, (max-width: 1000px) 54vw, (max-width: 1071px) 543px, 580px\" \/><figcaption>Tela Sala virtual<\/figcaption><\/figure>\n\n\n\n<p><strong>2\u00ba Passo<\/strong>: na tela que se abriu, clique em <strong>Participantes<\/strong><\/p>\n\n\n\n<figure class=\"wp-block-image size-large\"><img loading=\"lazy\" width=\"1024\" height=\"573\" src=\"https:\/\/ensino.nead.ufrr.br\/wp\/wp-content\/uploads\/2020\/07\/image-21-1024x573.png\" alt=\"\" class=\"wp-image-359\" srcset=\"https:\/\/ensino.nead.ufrr.br\/tutoriais\/wp-content\/uploads\/2020\/07\/image-21-1024x573.png 1024w, https:\/\/ensino.nead.ufrr.br\/tutoriais\/wp-content\/uploads\/2020\/07\/image-21-300x168.png 300w, https:\/\/ensino.nead.ufrr.br\/tutoriais\/wp-content\/uploads\/2020\/07\/image-21-768x430.png 768w, https:\/\/ensino.nead.ufrr.br\/tutoriais\/wp-content\/uploads\/2020\/07\/image-21.png 1500w\" sizes=\"(max-width: 767px) 89vw, (max-width: 1000px) 54vw, (max-width: 1071px) 543px, 580px\" \/><figcaption>Tela de Gerenciamento do curso<\/figcaption><\/figure>\n\n\n\n<p><strong>3\u00ba Passo:<\/strong> j\u00e1 na tela de Participantes, lado direito, <strong>clique no \u00edcone de engrenagem<\/strong>; ir\u00e1 abrir abaixo algumas op\u00e7\u00f5es, <strong>escolha Autoinscri\u00e7\u00e3o (Estudante)<\/strong><\/p>\n\n\n\n<figure class=\"wp-block-image size-large\"><img loading=\"lazy\" width=\"1024\" height=\"471\" src=\"https:\/\/ensino.nead.ufrr.br\/wp\/wp-content\/uploads\/2020\/07\/image-23-1024x471.png\" alt=\"\" class=\"wp-image-361\" srcset=\"https:\/\/ensino.nead.ufrr.br\/tutoriais\/wp-content\/uploads\/2020\/07\/image-23-1024x471.png 1024w, https:\/\/ensino.nead.ufrr.br\/tutoriais\/wp-content\/uploads\/2020\/07\/image-23-300x138.png 300w, https:\/\/ensino.nead.ufrr.br\/tutoriais\/wp-content\/uploads\/2020\/07\/image-23-768x353.png 768w, https:\/\/ensino.nead.ufrr.br\/tutoriais\/wp-content\/uploads\/2020\/07\/image-23-1536x707.png 1536w, https:\/\/ensino.nead.ufrr.br\/tutoriais\/wp-content\/uploads\/2020\/07\/image-23.png 1891w\" sizes=\"(max-width: 767px) 89vw, (max-width: 1000px) 54vw, (max-width: 1071px) 543px, 580px\" \/><figcaption>Tela Participantes<\/figcaption><\/figure>\n\n\n\n<p><strong>4\u00ba Passo:<\/strong>  na tela exibida, localize o campo <strong>Chave se inscri\u00e7\u00e3o<\/strong>; para exibir a chave de inscri\u00e7\u00e3o clique no \u00edcone de formato de olho (mostrar).<\/p>\n\n\n\n<figure class=\"wp-block-image size-large\"><img loading=\"lazy\" width=\"1024\" height=\"478\" src=\"https:\/\/ensino.nead.ufrr.br\/wp\/wp-content\/uploads\/2020\/07\/image-24-1024x478.png\" alt=\"\" class=\"wp-image-363\" srcset=\"https:\/\/ensino.nead.ufrr.br\/tutoriais\/wp-content\/uploads\/2020\/07\/image-24-1024x478.png 1024w, https:\/\/ensino.nead.ufrr.br\/tutoriais\/wp-content\/uploads\/2020\/07\/image-24-300x140.png 300w, https:\/\/ensino.nead.ufrr.br\/tutoriais\/wp-content\/uploads\/2020\/07\/image-24-768x359.png 768w, https:\/\/ensino.nead.ufrr.br\/tutoriais\/wp-content\/uploads\/2020\/07\/image-24-1536x718.png 1536w, https:\/\/ensino.nead.ufrr.br\/tutoriais\/wp-content\/uploads\/2020\/07\/image-24.png 1879w\" sizes=\"(max-width: 767px) 89vw, (max-width: 1000px) 54vw, (max-width: 1071px) 543px, 580px\" \/><figcaption>Tela de configura\u00e7\u00e3o da Autoinscri\u00e7\u00e3o<\/figcaption><\/figure>\n\n\n\n<p><strong>5\u00ba passo:<\/strong> Ao clicar no \u00edcone mostrar (formato de olho) \u00e9 exibido a chave. Copie a chave de inscri\u00e7\u00e3o e envie aos seus alunos (junto ao link da sala virtual) para que eles possam se inscrever na sala. <em>Obs.: N\u00e3o altere as outras configura\u00e7\u00f5es, a menos que voc\u00ea saiba o que est\u00e1 fazendo<\/em>.<\/p>\n\n\n\n<figure class=\"wp-block-image size-large\"><img loading=\"lazy\" width=\"1024\" height=\"487\" src=\"https:\/\/ensino.nead.ufrr.br\/wp\/wp-content\/uploads\/2020\/07\/image-25-1024x487.png\" alt=\"\" class=\"wp-image-364\" srcset=\"https:\/\/ensino.nead.ufrr.br\/tutoriais\/wp-content\/uploads\/2020\/07\/image-25-1024x487.png 1024w, https:\/\/ensino.nead.ufrr.br\/tutoriais\/wp-content\/uploads\/2020\/07\/image-25-300x143.png 300w, https:\/\/ensino.nead.ufrr.br\/tutoriais\/wp-content\/uploads\/2020\/07\/image-25-768x365.png 768w, https:\/\/ensino.nead.ufrr.br\/tutoriais\/wp-content\/uploads\/2020\/07\/image-25-1536x730.png 1536w, https:\/\/ensino.nead.ufrr.br\/tutoriais\/wp-content\/uploads\/2020\/07\/image-25.png 1858w\" sizes=\"(max-width: 767px) 89vw, (max-width: 1000px) 54vw, (max-width: 1071px) 543px, 580px\" \/><figcaption>Tela de Autoinscri\u00e7\u00e3o: exibindo a chave de acesso de uma sala virtual<\/figcaption><\/figure>\n\n\n\n<p><\/p>\n\n\n\n<p>D\u00favidas, envie um e-mail para a Coordena\u00e7\u00e3o Tecnol\u00f3gica do NEaD\/UFRR.<\/p>\n\n\n\n<p>E-mail: <em><strong>suporte.nead@ufrr.br<\/strong><\/em><\/p>\n","protected":false},"excerpt":{"rendered":"<p>Professor(a), Para que os alunos possam acessar a sala virtual da sua disciplina (ou curso), voc\u00ea deve fornecer o link da sala virtual a eles. Mas fornecer apenas o link da sala n\u00e3o \u00e9 suficiente. Junto ao link, voc\u00ea precisa enviar a chave de acesso da sua sala. Nesse tutorial lhe ensinaremos onde voc\u00ea pode &hellip; <\/p>\n<p class=\"link-more\"><a href=\"https:\/\/ensino.nead.ufrr.br\/tutoriais\/?page_id=357\" class=\"more-link\">Continue lendo<span class=\"screen-reader-text\"> &#8220;Como encontrar o link e a chave de acesso da minha sala virtual no AVA\/NEaD&#8221;<\/span><\/a><\/p>\n","protected":false},"author":1,"featured_media":0,"parent":0,"menu_order":0,"comment_status":"closed","ping_status":"closed","template":"","meta":[],"_links":{"self":[{"href":"https:\/\/ensino.nead.ufrr.br\/tutoriais\/index.php?rest_route=\/wp\/v2\/pages\/357"}],"collection":[{"href":"https:\/\/ensino.nead.ufrr.br\/tutoriais\/index.php?rest_route=\/wp\/v2\/pages"}],"about":[{"href":"https:\/\/ensino.nead.ufrr.br\/tutoriais\/index.php?rest_route=\/wp\/v2\/types\/page"}],"author":[{"embeddable":true,"href":"https:\/\/ensino.nead.ufrr.br\/tutoriais\/index.php?rest_route=\/wp\/v2\/users\/1"}],"replies":[{"embeddable":true,"href":"https:\/\/ensino.nead.ufrr.br\/tutoriais\/index.php?rest_route=%2Fwp%2Fv2%2Fcomments&post=357"}],"version-history":[{"count":15,"href":"https:\/\/ensino.nead.ufrr.br\/tutoriais\/index.php?rest_route=\/wp\/v2\/pages\/357\/revisions"}],"predecessor-version":[{"id":535,"href":"https:\/\/ensino.nead.ufrr.br\/tutoriais\/index.php?rest_route=\/wp\/v2\/pages\/357\/revisions\/535"}],"wp:attachment":[{"href":"https:\/\/ensino.nead.ufrr.br\/tutoriais\/index.php?rest_route=%2Fwp%2Fv2%2Fmedia&parent=357"}],"curies":[{"name":"wp","href":"https:\/\/api.w.org\/{rel}","templated":true}]}}