{"id":268,"date":"2020-07-16T17:40:31","date_gmt":"2020-07-16T21:40:31","guid":{"rendered":"https:\/\/ensino.nead.ufrr.br\/wp\/?page_id=268"},"modified":"2020-08-19T11:56:09","modified_gmt":"2020-08-19T15:56:09","slug":"tutoriais-moodle-app-moodle","status":"publish","type":"page","link":"https:\/\/ensino.nead.ufrr.br\/tutoriais\/?page_id=268","title":{"rendered":"Tutoriais Moodle: App Moodle"},"content":{"rendered":"\n<p>Aprenda mais sobre o aplicativo Moodle. O v\u00eddeo abaixo \u00e9 do canal oficial do Moodle&nbsp; no Youtube (<strong>Ative a legenda : apenas espanhol dispon\u00edvel<\/strong>)<\/p>\n\n\n\n<figure class=\"wp-block-embed-youtube wp-block-embed is-type-video is-provider-youtube wp-embed-aspect-16-9 wp-has-aspect-ratio\"><div class=\"wp-block-embed__wrapper\">\n<iframe loading=\"lazy\" title=\"Moodle App | 3.8 | Branded App\" width=\"525\" height=\"295\" src=\"https:\/\/www.youtube.com\/embed\/jrNBit-YuZs?feature=oembed\" frameborder=\"0\" allow=\"accelerometer; autoplay; encrypted-media; gyroscope; picture-in-picture\" allowfullscreen><\/iframe>\n<\/div><\/figure>\n\n\n\n<p>.<\/p>\n\n\n\n<p>Abaixo voc\u00ea pode aprender mais sobre o app Moodle e como acessar o AVA\/NEaD usando o app.<\/p>\n\n\n\n<figure class=\"wp-block-embed-youtube wp-block-embed is-type-video is-provider-youtube wp-embed-aspect-16-9 wp-has-aspect-ratio\"><div class=\"wp-block-embed__wrapper\">\n<iframe loading=\"lazy\" title=\"App moodle\" width=\"525\" height=\"295\" src=\"https:\/\/www.youtube.com\/embed\/7hCoI53IXIo?feature=oembed\" frameborder=\"0\" allow=\"accelerometer; autoplay; encrypted-media; gyroscope; picture-in-picture\" allowfullscreen><\/iframe>\n<\/div><\/figure>\n\n\n\n<p>.<\/p>\n\n\n\n<p>Ou se preferir, veja o PDF do nosso tutorial no AVA\/NEaD.<\/p>\n\n\n\n<div class=\"wp-block-file\"><a href=\"https:\/\/ensino.nead.ufrr.br\/wp\/wp-content\/uploads\/2020\/08\/app-moodle.pdf\">Aplicativo Moodle (visualizar no navegador)<\/a><a href=\"https:\/\/ensino.nead.ufrr.br\/wp\/wp-content\/uploads\/2020\/08\/app-moodle.pdf\" class=\"wp-block-file__button\" download>Baixar<\/a><\/div>\n\n\n\n<p><\/p>\n","protected":false},"excerpt":{"rendered":"<p>Aprenda mais sobre o aplicativo Moodle. O v\u00eddeo abaixo \u00e9 do canal oficial do Moodle&nbsp; no Youtube (Ative a legenda : apenas espanhol dispon\u00edvel) . Abaixo voc\u00ea pode aprender mais sobre o app Moodle e como acessar o AVA\/NEaD usando o app. . Ou se preferir, veja o PDF do nosso tutorial no AVA\/NEaD.<\/p>\n","protected":false},"author":1,"featured_media":0,"parent":0,"menu_order":0,"comment_status":"closed","ping_status":"closed","template":"","meta":[],"_links":{"self":[{"href":"https:\/\/ensino.nead.ufrr.br\/tutoriais\/index.php?rest_route=\/wp\/v2\/pages\/268"}],"collection":[{"href":"https:\/\/ensino.nead.ufrr.br\/tutoriais\/index.php?rest_route=\/wp\/v2\/pages"}],"about":[{"href":"https:\/\/ensino.nead.ufrr.br\/tutoriais\/index.php?rest_route=\/wp\/v2\/types\/page"}],"author":[{"embeddable":true,"href":"https:\/\/ensino.nead.ufrr.br\/tutoriais\/index.php?rest_route=\/wp\/v2\/users\/1"}],"replies":[{"embeddable":true,"href":"https:\/\/ensino.nead.ufrr.br\/tutoriais\/index.php?rest_route=%2Fwp%2Fv2%2Fcomments&post=268"}],"version-history":[{"count":4,"href":"https:\/\/ensino.nead.ufrr.br\/tutoriais\/index.php?rest_route=\/wp\/v2\/pages\/268\/revisions"}],"predecessor-version":[{"id":455,"href":"https:\/\/ensino.nead.ufrr.br\/tutoriais\/index.php?rest_route=\/wp\/v2\/pages\/268\/revisions\/455"}],"wp:attachment":[{"href":"https:\/\/ensino.nead.ufrr.br\/tutoriais\/index.php?rest_route=%2Fwp%2Fv2%2Fmedia&parent=268"}],"curies":[{"name":"wp","href":"https:\/\/api.w.org\/{rel}","templated":true}]}}