{"id":238,"date":"2020-05-28T16:10:31","date_gmt":"2020-05-28T20:10:31","guid":{"rendered":"https:\/\/ensino.nead.ufrr.br\/wp\/?page_id=238"},"modified":"2020-08-05T12:34:16","modified_gmt":"2020-08-05T16:34:16","slug":"primeiro-acesso-ao-ava-nead","status":"publish","type":"page","link":"https:\/\/ensino.nead.ufrr.br\/tutoriais\/?page_id=238","title":{"rendered":"Instru\u00e7\u00f5es para o primeiro acesso ao AVA\/NEaD (Alunos e Professores da EAD)"},"content":{"rendered":"\n<p>Se voc\u00ea foi orientado a acessar o seu curso no novo AVA\/NEaD (<a rel=\"noreferrer noopener\" href=\"https:\/\/ensino.nead.ufrr.br\/ava\" target=\"_blank\">https:\/\/ensino.nead.ufrr.br\/ava<\/a>) \u00e9 prov\u00e1vel que o seu cadastro j\u00e1 tenha sido realizado na plataforma e voc\u00ea possa acessar usando as instru\u00e7\u00f5es abaixo. Caso contr\u00e1rio, entre em contato com o seu tutor, professor ou coordenador de curso. <\/p>\n\n\n\n<p><strong>Eu j\u00e1 acessava o AVA\/NEaD anterior (<a href=\"https:\/\/www.nead.ufrr.br\/ava\" target=\"_blank\" rel=\"noreferrer noopener\">https:\/\/www.nead.ufrr.br\/ava<\/a>)<\/strong><\/p>\n\n\n\n<p>Ent\u00e3o o seu acesso ao novo AVA\/NEaD n\u00e3o muda, use como usu\u00e1rio a sua matr\u00edcula mais a senha previamente cadastrada por voc\u00ea.<\/p>\n\n\n\n<p>Usu\u00e1rio: <strong>N\u00ba da Matr\u00edcula<\/strong> para aluno\/ <strong>N\u00ba do SIAPE<\/strong> para professor<br>Senha: <strong>minha senha<\/strong><\/p>\n\n\n\n<p><strong>Sou aluno novo e \u00e9 o  meu  primeiro acesso<\/strong><\/p>\n\n\n\n<p>Caso voc\u00ea seja <strong>aluno<\/strong> novo no AVA\/NEaD, o nome de usu\u00e1rio e senha padr\u00e3o \u00e9 o n\u00famero da sua matr\u00edcula:<br>Usu\u00e1rio: <strong>N\u00ba da Matr\u00edcula<\/strong><br>Senha: <strong>N\u00ba da Matr\u00edcula<\/strong><br><em>Nota:<\/em> <em>Caso voc\u00ea j\u00e1 seja aluno de um dos nossos cursos EaD (EaDMAT, GED ou LIEaD ) e j\u00e1 acessava o AVA\/NEaD anterior, a sua senha \u00e9 a mesma que voc\u00ea j\u00e1 usava.<\/em><\/p>\n\n\n\n<p><strong>Sou professor<\/strong><\/p>\n\n\n\n<p>Caso voc\u00ea seja <strong>professor<\/strong>, e j\u00e1 usava o AVA\/NEaD anterior, seu usu\u00e1rio e senha s\u00e3o os mesmos que voc\u00ea j\u00e1 usava. Caso voc\u00ea seja novo, o nome de usu\u00e1rio e senha padr\u00e3o \u00e9 o n\u00famero do seu SIAPE:<br>Usu\u00e1rio: <strong>N\u00ba do SIAPE<\/strong><br>Senha: <strong>N\u00ba do SIAPE<\/strong><\/p>\n","protected":false},"excerpt":{"rendered":"<p>Se voc\u00ea foi orientado a acessar o seu curso no novo AVA\/NEaD (https:\/\/ensino.nead.ufrr.br\/ava) \u00e9 prov\u00e1vel que o seu cadastro j\u00e1 tenha sido realizado na plataforma e voc\u00ea possa acessar usando as instru\u00e7\u00f5es abaixo. Caso contr\u00e1rio, entre em contato com o seu tutor, professor ou coordenador de curso. Eu j\u00e1 acessava o AVA\/NEaD anterior (https:\/\/www.nead.ufrr.br\/ava) Ent\u00e3o &hellip; <\/p>\n<p class=\"link-more\"><a href=\"https:\/\/ensino.nead.ufrr.br\/tutoriais\/?page_id=238\" class=\"more-link\">Continue lendo<span class=\"screen-reader-text\"> &#8220;Instru\u00e7\u00f5es para o primeiro acesso ao AVA\/NEaD (Alunos e Professores da EAD)&#8221;<\/span><\/a><\/p>\n","protected":false},"author":1,"featured_media":0,"parent":0,"menu_order":0,"comment_status":"closed","ping_status":"closed","template":"","meta":[],"_links":{"self":[{"href":"https:\/\/ensino.nead.ufrr.br\/tutoriais\/index.php?rest_route=\/wp\/v2\/pages\/238"}],"collection":[{"href":"https:\/\/ensino.nead.ufrr.br\/tutoriais\/index.php?rest_route=\/wp\/v2\/pages"}],"about":[{"href":"https:\/\/ensino.nead.ufrr.br\/tutoriais\/index.php?rest_route=\/wp\/v2\/types\/page"}],"author":[{"embeddable":true,"href":"https:\/\/ensino.nead.ufrr.br\/tutoriais\/index.php?rest_route=\/wp\/v2\/users\/1"}],"replies":[{"embeddable":true,"href":"https:\/\/ensino.nead.ufrr.br\/tutoriais\/index.php?rest_route=%2Fwp%2Fv2%2Fcomments&post=238"}],"version-history":[{"count":9,"href":"https:\/\/ensino.nead.ufrr.br\/tutoriais\/index.php?rest_route=\/wp\/v2\/pages\/238\/revisions"}],"predecessor-version":[{"id":441,"href":"https:\/\/ensino.nead.ufrr.br\/tutoriais\/index.php?rest_route=\/wp\/v2\/pages\/238\/revisions\/441"}],"wp:attachment":[{"href":"https:\/\/ensino.nead.ufrr.br\/tutoriais\/index.php?rest_route=%2Fwp%2Fv2%2Fmedia&parent=238"}],"curies":[{"name":"wp","href":"https:\/\/api.w.org\/{rel}","templated":true}]}}