{"id":198,"date":"2020-05-28T12:28:38","date_gmt":"2020-05-28T16:28:38","guid":{"rendered":"https:\/\/ensino.nead.ufrr.br\/wp\/?page_id=198"},"modified":"2020-11-27T10:06:55","modified_gmt":"2020-11-27T14:06:55","slug":"tutoriais-moodle-como-voce-navega-no-moodle","status":"publish","type":"page","link":"https:\/\/ensino.nead.ufrr.br\/tutoriais\/?page_id=198","title":{"rendered":"Tutoriais Moodle: Como voc\u00ea navega no Moodle"},"content":{"rendered":"\n<p>Aprenda mais sobre como voc\u00ea pode navegar no Moodle. O v\u00eddeo abaixo \u00e9 do canal oficial do Moodle&nbsp; no Youtube com legenda gerada e revisada pela CT\/NEaD usando softwares de terceiros (<strong>Ative a legenda clicando em CC<\/strong>)<\/p>\n\n\n\n\r\n<div style=\"width:100%\">\r\n <video controls playsinline class=\"player197\"   >\r\n <source src=\"https:\/\/ensino.nead.ufrr.br\/wp\/wp-content\/uploads\/2020\/05\/Finding-your-way-around-3-8.mp4\" type=\"video\/mp4\">\r\n  Your browser does not support the video tag.\r\n  \r\n\t<track kind=\"captions\" label=\"\" src=\"https:\/\/ensino.nead.ufrr.br\/wp\/wp-content\/uploads\/2020\/05\/Finding-your-way-around-3-8.pttranslated.vtt\" srclang=\"en\" default>\r\n\t \t \r\n<\/video>\r\n\r\n<script type=\"text\/javascript\">\r\n\r\nconst players197 = Plyr.setup('.player197', {\r\n\tfullscreen:{ enabled: true, fallback: true, iosNative: true },\r\n\tdisplayDuration: true,\t\r\n\tinvertTime:false,\r\n\r\n});\r\n<\/script>\r\n\r\n\r\n<\/div>\r\n\n\n\n\n<p>.<\/p>\n\n\n\n<p>Abaixo voc\u00ea pode ver como navegar no AVA\/NEaD.<\/p>\n\n\n\n<figure class=\"wp-block-embed-youtube wp-block-embed is-type-video is-provider-youtube wp-embed-aspect-16-9 wp-has-aspect-ratio\"><div class=\"wp-block-embed__wrapper\">\n<iframe loading=\"lazy\" title=\"Navegando no Moodle\" width=\"525\" height=\"295\" src=\"https:\/\/www.youtube.com\/embed\/AgtP-0rsjQM?feature=oembed\" frameborder=\"0\" allow=\"accelerometer; autoplay; clipboard-write; encrypted-media; gyroscope; picture-in-picture\" allowfullscreen><\/iframe>\n<\/div><\/figure>\n\n\n\n<p>.<\/p>\n\n\n\n<p>Ou se preferir, veja o PDF do nosso tutorial no AVA\/NEaD.<\/p>\n\n\n\n<div class=\"wp-block-file\"><a href=\"https:\/\/ensino.nead.ufrr.br\/tutoriais\/wp-content\/uploads\/2020\/11\/como-voce-navega-no-moodle.pdf\">Como voc\u00ea navega no Moodle (visualizar no navegador)<\/a><a href=\"https:\/\/ensino.nead.ufrr.br\/tutoriais\/wp-content\/uploads\/2020\/11\/como-voce-navega-no-moodle.pdf\" class=\"wp-block-file__button\" download>Baixar<\/a><\/div>\n\n\n\n<p><\/p>\n","protected":false},"excerpt":{"rendered":"<p>Aprenda mais sobre como voc\u00ea pode navegar no Moodle. O v\u00eddeo abaixo \u00e9 do canal oficial do Moodle&nbsp; no Youtube com legenda gerada e revisada pela CT\/NEaD usando softwares de terceiros (Ative a legenda clicando em CC) . Abaixo voc\u00ea pode ver como navegar no AVA\/NEaD. . Ou se preferir, veja o PDF do nosso &hellip; <\/p>\n<p class=\"link-more\"><a href=\"https:\/\/ensino.nead.ufrr.br\/tutoriais\/?page_id=198\" class=\"more-link\">Continue lendo<span class=\"screen-reader-text\"> &#8220;Tutoriais Moodle: Como voc\u00ea navega no Moodle&#8221;<\/span><\/a><\/p>\n","protected":false},"author":1,"featured_media":0,"parent":0,"menu_order":0,"comment_status":"closed","ping_status":"closed","template":"","meta":[],"_links":{"self":[{"href":"https:\/\/ensino.nead.ufrr.br\/tutoriais\/index.php?rest_route=\/wp\/v2\/pages\/198"}],"collection":[{"href":"https:\/\/ensino.nead.ufrr.br\/tutoriais\/index.php?rest_route=\/wp\/v2\/pages"}],"about":[{"href":"https:\/\/ensino.nead.ufrr.br\/tutoriais\/index.php?rest_route=\/wp\/v2\/types\/page"}],"author":[{"embeddable":true,"href":"https:\/\/ensino.nead.ufrr.br\/tutoriais\/index.php?rest_route=\/wp\/v2\/users\/1"}],"replies":[{"embeddable":true,"href":"https:\/\/ensino.nead.ufrr.br\/tutoriais\/index.php?rest_route=%2Fwp%2Fv2%2Fcomments&post=198"}],"version-history":[{"count":4,"href":"https:\/\/ensino.nead.ufrr.br\/tutoriais\/index.php?rest_route=\/wp\/v2\/pages\/198\/revisions"}],"predecessor-version":[{"id":605,"href":"https:\/\/ensino.nead.ufrr.br\/tutoriais\/index.php?rest_route=\/wp\/v2\/pages\/198\/revisions\/605"}],"wp:attachment":[{"href":"https:\/\/ensino.nead.ufrr.br\/tutoriais\/index.php?rest_route=%2Fwp%2Fv2%2Fmedia&parent=198"}],"curies":[{"name":"wp","href":"https:\/\/api.w.org\/{rel}","templated":true}]}}