{"id":173,"date":"2020-05-28T11:51:18","date_gmt":"2020-05-28T15:51:18","guid":{"rendered":"https:\/\/ensino.nead.ufrr.br\/wp\/?page_id=173"},"modified":"2020-08-10T15:42:09","modified_gmt":"2020-08-10T19:42:09","slug":"tutoriais-moodle-restauracao-do-curso","status":"publish","type":"page","link":"https:\/\/ensino.nead.ufrr.br\/tutoriais\/?page_id=173","title":{"rendered":"Tutoriais Moodle: Restaura\u00e7\u00e3o do curso"},"content":{"rendered":"\n<p>Aprenda mais sobre sobre a restaura\u00e7\u00e3o de curso no Moodle (no v\u00eddeo, \u00e9 usado o Moodlecloud como exemplo). O v\u00eddeo abaixo \u00e9 do canal oficial do Moodle&nbsp; no Youtube com legenda gerada e revisada pela CT\/NEaD usando softwares de terceiros (<strong>Ative a legenda clicando em CC<\/strong>)<\/p>\n\n\n\n\r\n<div style=\"width:100%\">\r\n <video controls playsinline class=\"player172\"   >\r\n <source src=\"https:\/\/ensino.nead.ufrr.br\/wp\/wp-content\/uploads\/2020\/05\/Course-restore-3.8.mp4\" type=\"video\/mp4\">\r\n  Your browser does not support the video tag.\r\n  \r\n\t<track kind=\"captions\" label=\"\" src=\"https:\/\/ensino.nead.ufrr.br\/wp\/wp-content\/uploads\/2020\/05\/Course-restore-3.8.pttranslated.vtt\" srclang=\"en\" default>\r\n\t \t \r\n<\/video>\r\n\r\n<script type=\"text\/javascript\">\r\n\r\nconst players172 = Plyr.setup('.player172', {\r\n\tfullscreen:{ enabled: true, fallback: true, iosNative: true },\r\n\tdisplayDuration: true,\t\r\n\tinvertTime:false,\r\n\r\n});\r\n<\/script>\r\n\r\n\r\n<\/div>\r\n\n\n\n\n<p>.<\/p>\n\n\n\n<p>Abaixo voc\u00ea pode ver como restaurar um curso no AVA\/NEaD.<\/p>\n\n\n\n<figure class=\"wp-block-embed-youtube wp-block-embed is-type-video is-provider-youtube wp-embed-aspect-16-9 wp-has-aspect-ratio\"><div class=\"wp-block-embed__wrapper\">\n<iframe loading=\"lazy\" title=\"Como restaurar um curso\" width=\"525\" height=\"295\" src=\"https:\/\/www.youtube.com\/embed\/mYTqeajF7rw?feature=oembed\" frameborder=\"0\" allow=\"accelerometer; autoplay; encrypted-media; gyroscope; picture-in-picture\" allowfullscreen><\/iframe>\n<\/div><\/figure>\n\n\n\n<p>.<\/p>\n\n\n\n<p>Ou se preferir, veja o PDF do nosso tutorial no AVA\/NEaD.<\/p>\n\n\n\n<div class=\"wp-block-file\"><a href=\"https:\/\/ensino.nead.ufrr.br\/wp\/wp-content\/uploads\/2020\/08\/restauracao-do-curso.pdf\">Restaura\u00e7\u00e3o do curso<\/a><a href=\"https:\/\/ensino.nead.ufrr.br\/wp\/wp-content\/uploads\/2020\/08\/restauracao-do-curso.pdf\" class=\"wp-block-file__button\" download>Baixar<\/a><\/div>\n\n\n\n<p><\/p>\n","protected":false},"excerpt":{"rendered":"<p>Aprenda mais sobre sobre a restaura\u00e7\u00e3o de curso no Moodle (no v\u00eddeo, \u00e9 usado o Moodlecloud como exemplo). O v\u00eddeo abaixo \u00e9 do canal oficial do Moodle&nbsp; no Youtube com legenda gerada e revisada pela CT\/NEaD usando softwares de terceiros (Ative a legenda clicando em CC) . Abaixo voc\u00ea pode ver como restaurar um curso &hellip; <\/p>\n<p class=\"link-more\"><a href=\"https:\/\/ensino.nead.ufrr.br\/tutoriais\/?page_id=173\" class=\"more-link\">Continue lendo<span class=\"screen-reader-text\"> &#8220;Tutoriais Moodle: Restaura\u00e7\u00e3o do curso&#8221;<\/span><\/a><\/p>\n","protected":false},"author":1,"featured_media":0,"parent":0,"menu_order":0,"comment_status":"closed","ping_status":"closed","template":"","meta":[],"_links":{"self":[{"href":"https:\/\/ensino.nead.ufrr.br\/tutoriais\/index.php?rest_route=\/wp\/v2\/pages\/173"}],"collection":[{"href":"https:\/\/ensino.nead.ufrr.br\/tutoriais\/index.php?rest_route=\/wp\/v2\/pages"}],"about":[{"href":"https:\/\/ensino.nead.ufrr.br\/tutoriais\/index.php?rest_route=\/wp\/v2\/types\/page"}],"author":[{"embeddable":true,"href":"https:\/\/ensino.nead.ufrr.br\/tutoriais\/index.php?rest_route=\/wp\/v2\/users\/1"}],"replies":[{"embeddable":true,"href":"https:\/\/ensino.nead.ufrr.br\/tutoriais\/index.php?rest_route=%2Fwp%2Fv2%2Fcomments&post=173"}],"version-history":[{"count":3,"href":"https:\/\/ensino.nead.ufrr.br\/tutoriais\/index.php?rest_route=\/wp\/v2\/pages\/173\/revisions"}],"predecessor-version":[{"id":445,"href":"https:\/\/ensino.nead.ufrr.br\/tutoriais\/index.php?rest_route=\/wp\/v2\/pages\/173\/revisions\/445"}],"wp:attachment":[{"href":"https:\/\/ensino.nead.ufrr.br\/tutoriais\/index.php?rest_route=%2Fwp%2Fv2%2Fmedia&parent=173"}],"curies":[{"name":"wp","href":"https:\/\/api.w.org\/{rel}","templated":true}]}}