{"id":170,"date":"2020-05-28T11:44:02","date_gmt":"2020-05-28T15:44:02","guid":{"rendered":"https:\/\/ensino.nead.ufrr.br\/wp\/?page_id=170"},"modified":"2020-08-19T11:57:33","modified_gmt":"2020-08-19T15:57:33","slug":"tutoriais-moodle-relatorios-do-curso","status":"publish","type":"page","link":"https:\/\/ensino.nead.ufrr.br\/tutoriais\/?page_id=170","title":{"rendered":"Tutoriais Moodle: Relat\u00f3rios do curso"},"content":{"rendered":"\n<p>Aprenda mais sobre como visualizar relat\u00f3rios de um curso no Moodle. O v\u00eddeo abaixo \u00e9 do canal oficial do Moodle&nbsp; no Youtube com legenda gerada e revisada pela CT\/NEaD usando softwares de terceiros (<strong>Ative a legenda clicando em CC<\/strong>)<\/p>\n\n\n\n\r\n<div style=\"width:100%\">\r\n <video controls playsinline class=\"player169\"   >\r\n <source src=\"https:\/\/ensino.nead.ufrr.br\/wp\/wp-content\/uploads\/2020\/05\/Course-reports-3.8.mp4\" type=\"video\/mp4\">\r\n  Your browser does not support the video tag.\r\n  \r\n\t<track kind=\"captions\" label=\"\" src=\"https:\/\/ensino.nead.ufrr.br\/wp\/wp-content\/uploads\/2020\/05\/Course-reports-3.8.pttranslated.vtt\" srclang=\"en\" default>\r\n\t \t \r\n<\/video>\r\n\r\n<script type=\"text\/javascript\">\r\n\r\nconst players169 = Plyr.setup('.player169', {\r\n\tfullscreen:{ enabled: true, fallback: true, iosNative: true },\r\n\tdisplayDuration: true,\t\r\n\tinvertTime:false,\r\n\r\n});\r\n<\/script>\r\n\r\n\r\n<\/div>\r\n\n\n\n\n<p>.<\/p>\n\n\n\n<p>Abaixo voc\u00ea pode ver como visualizar relat\u00f3rios de um curso no AVA\/NEaD.<\/p>\n\n\n\n<figure class=\"wp-block-embed-youtube wp-block-embed is-type-video is-provider-youtube wp-embed-aspect-16-9 wp-has-aspect-ratio\"><div class=\"wp-block-embed__wrapper\">\n<iframe loading=\"lazy\" title=\"Relatorio\" width=\"525\" height=\"295\" src=\"https:\/\/www.youtube.com\/embed\/Oe2sjW_apSw?feature=oembed\" frameborder=\"0\" allow=\"accelerometer; autoplay; encrypted-media; gyroscope; picture-in-picture\" allowfullscreen><\/iframe>\n<\/div><\/figure>\n\n\n\n<p>.<\/p>\n\n\n\n<p>Ou se preferir, veja o PDF do nosso tutorial no AVA\/NEaD.<\/p>\n\n\n\n<div class=\"wp-block-file\"><a href=\"https:\/\/ensino.nead.ufrr.br\/wp\/wp-content\/uploads\/2020\/07\/relatorio-do-curso.pdf\">Relat\u00f3rios do curso (visualizar no navegador)<\/a><a href=\"https:\/\/ensino.nead.ufrr.br\/wp\/wp-content\/uploads\/2020\/07\/relatorio-do-curso.pdf\" class=\"wp-block-file__button\" download>Baixar<\/a><\/div>\n\n\n\n<p><\/p>\n","protected":false},"excerpt":{"rendered":"<p>Aprenda mais sobre como visualizar relat\u00f3rios de um curso no Moodle. O v\u00eddeo abaixo \u00e9 do canal oficial do Moodle&nbsp; no Youtube com legenda gerada e revisada pela CT\/NEaD usando softwares de terceiros (Ative a legenda clicando em CC) . Abaixo voc\u00ea pode ver como visualizar relat\u00f3rios de um curso no AVA\/NEaD. . Ou se &hellip; <\/p>\n<p class=\"link-more\"><a href=\"https:\/\/ensino.nead.ufrr.br\/tutoriais\/?page_id=170\" class=\"more-link\">Continue lendo<span class=\"screen-reader-text\"> &#8220;Tutoriais Moodle: Relat\u00f3rios do curso&#8221;<\/span><\/a><\/p>\n","protected":false},"author":1,"featured_media":0,"parent":0,"menu_order":0,"comment_status":"closed","ping_status":"closed","template":"","meta":[],"_links":{"self":[{"href":"https:\/\/ensino.nead.ufrr.br\/tutoriais\/index.php?rest_route=\/wp\/v2\/pages\/170"}],"collection":[{"href":"https:\/\/ensino.nead.ufrr.br\/tutoriais\/index.php?rest_route=\/wp\/v2\/pages"}],"about":[{"href":"https:\/\/ensino.nead.ufrr.br\/tutoriais\/index.php?rest_route=\/wp\/v2\/types\/page"}],"author":[{"embeddable":true,"href":"https:\/\/ensino.nead.ufrr.br\/tutoriais\/index.php?rest_route=\/wp\/v2\/users\/1"}],"replies":[{"embeddable":true,"href":"https:\/\/ensino.nead.ufrr.br\/tutoriais\/index.php?rest_route=%2Fwp%2Fv2%2Fcomments&post=170"}],"version-history":[{"count":4,"href":"https:\/\/ensino.nead.ufrr.br\/tutoriais\/index.php?rest_route=\/wp\/v2\/pages\/170\/revisions"}],"predecessor-version":[{"id":457,"href":"https:\/\/ensino.nead.ufrr.br\/tutoriais\/index.php?rest_route=\/wp\/v2\/pages\/170\/revisions\/457"}],"wp:attachment":[{"href":"https:\/\/ensino.nead.ufrr.br\/tutoriais\/index.php?rest_route=%2Fwp%2Fv2%2Fmedia&parent=170"}],"curies":[{"name":"wp","href":"https:\/\/api.w.org\/{rel}","templated":true}]}}